{"id":5185,"date":"2023-04-26T15:11:14","date_gmt":"2023-04-26T14:11:14","guid":{"rendered":"https:\/\/hestiastyle.com\/hestia\/?post_type=product&#038;p=5185"},"modified":"2023-04-26T15:20:22","modified_gmt":"2023-04-26T14:20:22","slug":"baobab-collection-tomorrowland","status":"publish","type":"product","link":"https:\/\/hestiastyle.com\/hestia\/producto\/baobab-collection-tomorrowland\/","title":{"rendered":"Baobab Collection &#8211; Tomorrowland"},"content":{"rendered":"<p>Tomorrowland<\/p>\n<p>Lirio de los valles<span class=\"fragrance_divider\">&#8211;<\/span>Musgo<\/p>\n","protected":false},"excerpt":{"rendered":"<div class=\"template-page content av-content-full alpha units\">\n<div class=\"post-entry post-entry-type-page post-entry-3532\">\n<div class=\"entry-content-wrapper clearfix\">\n<div class=\"flex_column av-dmkebw-f4b2298ddd0edbc4c3fbf8a3e5649c11 av_two_third avia-builder-el-1 el_after_av_slideshow_full el_before_av_one_third avia-builder-el-first first flex_column_div \">\n<section class=\"av_textblock_section av-ctt5t8-9df68a39f85e62783263f8dcfd2d068c\">\n<div class=\"avia_textblock\">\n<h1 class=\"main-title entry-title\">Tomorrowland<\/h1>\n<p>Lirio de los valles<span class=\"fragrance_divider\">&#8211;<\/span>Musgo<\/p>\n<div>Las velas perfumadas Tomorrowland de Baobab Collection son una edici\u00f3n especial con una fragancia exquisita y un dise\u00f1o impactante que le transportar\u00e1 al m\u00e1gico mundo del festival de m\u00fasica belga. Cada vela ir\u00e1 acompa\u00f1ada de una lista de reproducci\u00f3n que podr\u00e1 descargarse en exclusiva a trav\u00e9s de un c\u00f3digo QR ubicado en el interior de la tapa de la caja.<\/div>\n<div>Una fragancia con notas de pera, lirio de los valles y musgo que le transportar\u00e1 al mundo de fantas\u00eda de Tomorrowland, una referencia al legendario cuento del elixir de la vida. Su dise\u00f1o, una serigraf\u00eda en tonos verdosos, se inspira en el movimiento art nouveau, un homenaje a la naturaleza donde plantas y animales se combinan en perfecta armon\u00eda. Ad\u00e9ntrese en este mundo de fantas\u00eda y goce de una experiencia \u00edntegra, olfativa, auditiva y est\u00e9tica que no se puede perder.<\/div>\n<\/div>\n<\/section>\n<\/div>\n<\/div>\n<\/div>\n<\/div>\n","protected":false},"featured_media":5190,"template":"","meta":[],"product_cat":[74,51],"product_tag":[],"class_list":{"0":"post-5185","1":"product","2":"type-product","3":"status-publish","4":"has-post-thumbnail","6":"product_cat-hestia-tienda-online","7":"product_cat-baobab-collection","8":"product_shipping_class-clase-de-envio-hestia","10":"first","11":"instock","12":"taxable","13":"shipping-taxable","14":"purchasable","15":"product-type-variable"},"_links":{"self":[{"href":"https:\/\/hestiastyle.com\/hestia\/wp-json\/wp\/v2\/product\/5185"}],"collection":[{"href":"https:\/\/hestiastyle.com\/hestia\/wp-json\/wp\/v2\/product"}],"about":[{"href":"https:\/\/hestiastyle.com\/hestia\/wp-json\/wp\/v2\/types\/product"}],"wp:featuredmedia":[{"embeddable":true,"href":"https:\/\/hestiastyle.com\/hestia\/wp-json\/wp\/v2\/media\/5190"}],"wp:attachment":[{"href":"https:\/\/hestiastyle.com\/hestia\/wp-json\/wp\/v2\/media?parent=5185"}],"wp:term":[{"taxonomy":"product_cat","embeddable":true,"href":"https:\/\/hestiastyle.com\/hestia\/wp-json\/wp\/v2\/product_cat?post=5185"},{"taxonomy":"product_tag","embeddable":true,"href":"https:\/\/hestiastyle.com\/hestia\/wp-json\/wp\/v2\/product_tag?post=5185"}],"curies":[{"name":"wp","href":"https:\/\/api.w.org\/{rel}","templated":true}]}}