{"id":5096,"date":"2023-03-02T14:21:31","date_gmt":"2023-03-02T13:21:31","guid":{"rendered":"https:\/\/hestiastyle.com\/hestia\/?post_type=product&#038;p=5096"},"modified":"2023-03-02T14:36:57","modified_gmt":"2023-03-02T13:36:57","slug":"side-table-pompano-low","status":"publish","type":"product","link":"https:\/\/hestiastyle.com\/hestia\/producto\/side-table-pompano-low\/","title":{"rendered":"Side table Pompano low"},"content":{"rendered":"<p>Side table Pompano low<\/p>\n<p>Dimensiones: \u00f8 46,5 x H. 60 cm<\/p>\n<p>&nbsp;<\/p>\n","protected":false},"excerpt":{"rendered":"<p>Exudando est\u00e9tica de Palm Springs, la mesa auxiliar alta Pompano evoca la atm\u00f3sfera de la rivera californiana. Est\u00e1 hecha de m\u00e1rmol de Carrara italiano macizo con una forma de estilo setentero. La parte superior tiene un borde elevado. Nos encanta combinar la versi\u00f3n baja y alta de esta mesa para crear un conjunto impresionante.<\/p>\n","protected":false},"featured_media":5097,"template":"","meta":[],"product_cat":[74,52],"product_tag":[],"class_list":{"0":"post-5096","1":"product","2":"type-product","3":"status-publish","4":"has-post-thumbnail","6":"product_cat-hestia-tienda-online","7":"product_cat-muebles","8":"product_shipping_class-clase-de-envio-hestia","10":"first","11":"instock","12":"taxable","13":"shipping-taxable","14":"purchasable","15":"product-type-simple"},"_links":{"self":[{"href":"https:\/\/hestiastyle.com\/hestia\/wp-json\/wp\/v2\/product\/5096"}],"collection":[{"href":"https:\/\/hestiastyle.com\/hestia\/wp-json\/wp\/v2\/product"}],"about":[{"href":"https:\/\/hestiastyle.com\/hestia\/wp-json\/wp\/v2\/types\/product"}],"wp:featuredmedia":[{"embeddable":true,"href":"https:\/\/hestiastyle.com\/hestia\/wp-json\/wp\/v2\/media\/5097"}],"wp:attachment":[{"href":"https:\/\/hestiastyle.com\/hestia\/wp-json\/wp\/v2\/media?parent=5096"}],"wp:term":[{"taxonomy":"product_cat","embeddable":true,"href":"https:\/\/hestiastyle.com\/hestia\/wp-json\/wp\/v2\/product_cat?post=5096"},{"taxonomy":"product_tag","embeddable":true,"href":"https:\/\/hestiastyle.com\/hestia\/wp-json\/wp\/v2\/product_tag?post=5096"}],"curies":[{"name":"wp","href":"https:\/\/api.w.org\/{rel}","templated":true}]}}