{"id":5071,"date":"2023-03-02T13:10:46","date_gmt":"2023-03-02T12:10:46","guid":{"rendered":"https:\/\/hestiastyle.com\/hestia\/?post_type=product&#038;p=5071"},"modified":"2023-03-02T13:14:45","modified_gmt":"2023-03-02T12:14:45","slug":"chandelier-east","status":"publish","type":"product","link":"https:\/\/hestiastyle.com\/hestia\/producto\/chandelier-east\/","title":{"rendered":"Chandelier East"},"content":{"rendered":"<p>Chandelier East<\/p>\n<p>Dimensiones: \u00f8 60 x H. 68 cm<\/p>\n","protected":false},"excerpt":{"rendered":"<p>Lleve el sofisticado estilo \u00abart d\u00e9co\u00bb a su hogar con la l\u00e1mpara de ara\u00f1a East. Esta impresionante versi\u00f3n de las l\u00e1mparas de ara\u00f1as \u00abvintage\u00bb con acabado de lat\u00f3n le ayudar\u00e1 a recrear la vibrante atm\u00f3sfera de los felices a\u00f1os 20. Sus diferentes niveles c\u00f3nicos de cilindros de vidrio transparente desprenden una luz encantadora.<\/p>\n","protected":false},"featured_media":5072,"template":"","meta":[],"product_cat":[74,54],"product_tag":[],"class_list":{"0":"post-5071","1":"product","2":"type-product","3":"status-publish","4":"has-post-thumbnail","6":"product_cat-hestia-tienda-online","7":"product_cat-iluminacion","8":"product_shipping_class-clase-de-envio-hestia","10":"first","11":"instock","12":"taxable","13":"shipping-taxable","14":"purchasable","15":"product-type-simple"},"_links":{"self":[{"href":"https:\/\/hestiastyle.com\/hestia\/wp-json\/wp\/v2\/product\/5071"}],"collection":[{"href":"https:\/\/hestiastyle.com\/hestia\/wp-json\/wp\/v2\/product"}],"about":[{"href":"https:\/\/hestiastyle.com\/hestia\/wp-json\/wp\/v2\/types\/product"}],"wp:featuredmedia":[{"embeddable":true,"href":"https:\/\/hestiastyle.com\/hestia\/wp-json\/wp\/v2\/media\/5072"}],"wp:attachment":[{"href":"https:\/\/hestiastyle.com\/hestia\/wp-json\/wp\/v2\/media?parent=5071"}],"wp:term":[{"taxonomy":"product_cat","embeddable":true,"href":"https:\/\/hestiastyle.com\/hestia\/wp-json\/wp\/v2\/product_cat?post=5071"},{"taxonomy":"product_tag","embeddable":true,"href":"https:\/\/hestiastyle.com\/hestia\/wp-json\/wp\/v2\/product_tag?post=5071"}],"curies":[{"name":"wp","href":"https:\/\/api.w.org\/{rel}","templated":true}]}}