{"id":5054,"date":"2023-02-21T12:26:19","date_gmt":"2023-02-21T11:26:19","guid":{"rendered":"https:\/\/hestiastyle.com\/hestia\/?post_type=product&#038;p=5054"},"modified":"2023-02-21T14:16:11","modified_gmt":"2023-02-21T13:16:11","slug":"wall-lamp-claridges-single","status":"publish","type":"product","link":"https:\/\/hestiastyle.com\/hestia\/producto\/wall-lamp-claridges-single\/","title":{"rendered":"Wall lamp Claridges single"},"content":{"rendered":"<p>Wall lamp Claridges single<\/p>\n<p>Dimensiones: 12 x H. 29,5 x D. 13 cm<\/p>\n","protected":false},"excerpt":{"rendered":"<div class=\"additional-info folded-info product-information\">Cree un c\u00e1lido resplandor en su pasillo, sal\u00f3n o dormitorio con la l\u00e1mpara de pared individual Claridges. Esta atractiva l\u00e1mpara de pared inspirada en el \u00abart d\u00e9co\u00bb tiene un acabado niquelado y una pantalla de vidrio transparente acanalado y biselado para m\u00e1s profundidad y glamur.<\/div>\n<div id=\"product-downloads-container\" class=\"product-downloads\">\n<div id=\"product-downloads\" class=\"product-downloads\">\n<div class=\"title\"><\/div>\n<\/div>\n<\/div>\n","protected":false},"featured_media":5055,"template":"","meta":[],"product_cat":[74,54],"product_tag":[],"class_list":{"0":"post-5054","1":"product","2":"type-product","3":"status-publish","4":"has-post-thumbnail","6":"product_cat-hestia-tienda-online","7":"product_cat-iluminacion","8":"product_shipping_class-clase-de-envio-hestia","10":"first","11":"instock","12":"taxable","13":"shipping-taxable","14":"purchasable","15":"product-type-simple"},"_links":{"self":[{"href":"https:\/\/hestiastyle.com\/hestia\/wp-json\/wp\/v2\/product\/5054"}],"collection":[{"href":"https:\/\/hestiastyle.com\/hestia\/wp-json\/wp\/v2\/product"}],"about":[{"href":"https:\/\/hestiastyle.com\/hestia\/wp-json\/wp\/v2\/types\/product"}],"wp:featuredmedia":[{"embeddable":true,"href":"https:\/\/hestiastyle.com\/hestia\/wp-json\/wp\/v2\/media\/5055"}],"wp:attachment":[{"href":"https:\/\/hestiastyle.com\/hestia\/wp-json\/wp\/v2\/media?parent=5054"}],"wp:term":[{"taxonomy":"product_cat","embeddable":true,"href":"https:\/\/hestiastyle.com\/hestia\/wp-json\/wp\/v2\/product_cat?post=5054"},{"taxonomy":"product_tag","embeddable":true,"href":"https:\/\/hestiastyle.com\/hestia\/wp-json\/wp\/v2\/product_tag?post=5054"}],"curies":[{"name":"wp","href":"https:\/\/api.w.org\/{rel}","templated":true}]}}