{"id":5035,"date":"2023-02-20T14:25:32","date_gmt":"2023-02-20T13:25:32","guid":{"rendered":"https:\/\/hestiastyle.com\/hestia\/?post_type=product&#038;p=5035"},"modified":"2023-02-20T14:29:58","modified_gmt":"2023-02-20T13:29:58","slug":"chandelier-vittoria-l","status":"publish","type":"product","link":"https:\/\/hestiastyle.com\/hestia\/producto\/chandelier-vittoria-l\/","title":{"rendered":"Chandelier Vittoria L"},"content":{"rendered":"<p>Chandelier Vittoria L<\/p>\n<p>Dimensiones: \u00f8 80 x H. 89 cm<\/p>\n","protected":false},"excerpt":{"rendered":"<p>Lleve el glamur y la grandeza a la decoraci\u00f3n de su hogar con la l\u00e1mpara de ara\u00f1a Vittoria. Con un dise\u00f1o deslumbrante con tubos de vidrio transparente acanalados y biselados, esta exuberante l\u00e1mpara de ara\u00f1a crea un impresionante resplandor en cualquier interior que adorne.<\/p>\n","protected":false},"featured_media":5036,"template":"","meta":[],"product_cat":[74,54],"product_tag":[],"class_list":{"0":"post-5035","1":"product","2":"type-product","3":"status-publish","4":"has-post-thumbnail","6":"product_cat-hestia-tienda-online","7":"product_cat-iluminacion","8":"product_shipping_class-clase-de-envio-hestia","10":"first","11":"instock","12":"taxable","13":"shipping-taxable","14":"purchasable","15":"product-type-simple"},"_links":{"self":[{"href":"https:\/\/hestiastyle.com\/hestia\/wp-json\/wp\/v2\/product\/5035"}],"collection":[{"href":"https:\/\/hestiastyle.com\/hestia\/wp-json\/wp\/v2\/product"}],"about":[{"href":"https:\/\/hestiastyle.com\/hestia\/wp-json\/wp\/v2\/types\/product"}],"wp:featuredmedia":[{"embeddable":true,"href":"https:\/\/hestiastyle.com\/hestia\/wp-json\/wp\/v2\/media\/5036"}],"wp:attachment":[{"href":"https:\/\/hestiastyle.com\/hestia\/wp-json\/wp\/v2\/media?parent=5035"}],"wp:term":[{"taxonomy":"product_cat","embeddable":true,"href":"https:\/\/hestiastyle.com\/hestia\/wp-json\/wp\/v2\/product_cat?post=5035"},{"taxonomy":"product_tag","embeddable":true,"href":"https:\/\/hestiastyle.com\/hestia\/wp-json\/wp\/v2\/product_tag?post=5035"}],"curies":[{"name":"wp","href":"https:\/\/api.w.org\/{rel}","templated":true}]}}