{"id":5020,"date":"2023-02-20T13:19:20","date_gmt":"2023-02-20T12:19:20","guid":{"rendered":"https:\/\/hestiastyle.com\/hestia\/?post_type=product&#038;p=5020"},"modified":"2023-02-20T13:26:21","modified_gmt":"2023-02-20T12:26:21","slug":"dining-table-garibaldi","status":"publish","type":"product","link":"https:\/\/hestiastyle.com\/hestia\/producto\/dining-table-garibaldi\/","title":{"rendered":"Dining table Garibaldi"},"content":{"rendered":"<p>Dining table Garibaldi<\/p>\n<p>Dimensiones:210 x 96 x H. 76 cm<\/p>\n","protected":false},"excerpt":{"rendered":"<p>Cree el escenario perfecto para un entretenimiento con estilo con la mesa de comedor Garibaldi. Con su robusta estructura de acero inoxidable y su tablero de vidrio transparente de l\u00edneas sobrias, esta mesa tiene el encanto arquitect\u00f3nico de los dise\u00f1os del Bauhaus.<\/p>\n","protected":false},"featured_media":5021,"template":"","meta":[],"product_cat":[74,52],"product_tag":[],"class_list":{"0":"post-5020","1":"product","2":"type-product","3":"status-publish","4":"has-post-thumbnail","6":"product_cat-hestia-tienda-online","7":"product_cat-muebles","8":"product_shipping_class-clase-de-envio-hestia","10":"first","11":"instock","12":"taxable","13":"shipping-taxable","14":"purchasable","15":"product-type-simple"},"_links":{"self":[{"href":"https:\/\/hestiastyle.com\/hestia\/wp-json\/wp\/v2\/product\/5020"}],"collection":[{"href":"https:\/\/hestiastyle.com\/hestia\/wp-json\/wp\/v2\/product"}],"about":[{"href":"https:\/\/hestiastyle.com\/hestia\/wp-json\/wp\/v2\/types\/product"}],"wp:featuredmedia":[{"embeddable":true,"href":"https:\/\/hestiastyle.com\/hestia\/wp-json\/wp\/v2\/media\/5021"}],"wp:attachment":[{"href":"https:\/\/hestiastyle.com\/hestia\/wp-json\/wp\/v2\/media?parent=5020"}],"wp:term":[{"taxonomy":"product_cat","embeddable":true,"href":"https:\/\/hestiastyle.com\/hestia\/wp-json\/wp\/v2\/product_cat?post=5020"},{"taxonomy":"product_tag","embeddable":true,"href":"https:\/\/hestiastyle.com\/hestia\/wp-json\/wp\/v2\/product_tag?post=5020"}],"curies":[{"name":"wp","href":"https:\/\/api.w.org\/{rel}","templated":true}]}}