{"id":4995,"date":"2023-02-20T11:48:25","date_gmt":"2023-02-20T10:48:25","guid":{"rendered":"https:\/\/hestiastyle.com\/hestia\/?post_type=product&#038;p=4995"},"modified":"2023-02-20T12:41:33","modified_gmt":"2023-02-20T11:41:33","slug":"floor-lamp-lorenzo","status":"publish","type":"product","link":"https:\/\/hestiastyle.com\/hestia\/producto\/floor-lamp-lorenzo\/","title":{"rendered":"Floor lamp Lorenzo"},"content":{"rendered":"<p>Floor lamp Lorenzo<\/p>\n<p>Dimensiones: \u00a028 x 48 x 176 cm<\/p>\n","protected":false},"excerpt":{"rendered":"<p>Con doce bolas de vidrio transparente que caen en espiral por su escultural estructura de acero, la l\u00e1mpara de pie Lorenzo tiene un dise\u00f1o llamativo. Esta elegante y contempor\u00e1nea l\u00e1mpara de pie viene con un acabado dorado pulido y una pantalla de tela blanca.<\/p>\n","protected":false},"featured_media":4996,"template":"","meta":[],"product_cat":[74,54],"product_tag":[],"class_list":{"0":"post-4995","1":"product","2":"type-product","3":"status-publish","4":"has-post-thumbnail","6":"product_cat-hestia-tienda-online","7":"product_cat-iluminacion","8":"product_shipping_class-clase-de-envio-hestia","10":"first","11":"instock","12":"taxable","13":"shipping-taxable","14":"purchasable","15":"product-type-simple"},"_links":{"self":[{"href":"https:\/\/hestiastyle.com\/hestia\/wp-json\/wp\/v2\/product\/4995"}],"collection":[{"href":"https:\/\/hestiastyle.com\/hestia\/wp-json\/wp\/v2\/product"}],"about":[{"href":"https:\/\/hestiastyle.com\/hestia\/wp-json\/wp\/v2\/types\/product"}],"wp:featuredmedia":[{"embeddable":true,"href":"https:\/\/hestiastyle.com\/hestia\/wp-json\/wp\/v2\/media\/4996"}],"wp:attachment":[{"href":"https:\/\/hestiastyle.com\/hestia\/wp-json\/wp\/v2\/media?parent=4995"}],"wp:term":[{"taxonomy":"product_cat","embeddable":true,"href":"https:\/\/hestiastyle.com\/hestia\/wp-json\/wp\/v2\/product_cat?post=4995"},{"taxonomy":"product_tag","embeddable":true,"href":"https:\/\/hestiastyle.com\/hestia\/wp-json\/wp\/v2\/product_tag?post=4995"}],"curies":[{"name":"wp","href":"https:\/\/api.w.org\/{rel}","templated":true}]}}