{"id":4976,"date":"2023-02-17T15:07:20","date_gmt":"2023-02-17T14:07:20","guid":{"rendered":"https:\/\/hestiastyle.com\/hestia\/?post_type=product&#038;p=4976"},"modified":"2023-02-17T15:11:54","modified_gmt":"2023-02-17T14:11:54","slug":"hurricane-mayson-s","status":"publish","type":"product","link":"https:\/\/hestiastyle.com\/hestia\/producto\/hurricane-mayson-s\/","title":{"rendered":"Hurricane Mayson S"},"content":{"rendered":"<p>Hurricane Mayson S<\/p>\n<p>Dimensiones: \u00f8 16,5 x H. 27,5 cm<\/p>\n","protected":false},"excerpt":{"rendered":"<p>Cree la atm\u00f3sfera perfecta para vivir momentos \u00fanicos con el portavelas Mayson S, inspirado en el estilo \u00abart d\u00e9co\u00bb. Al combinar el dise\u00f1o cl\u00e1sico con la est\u00e9tica contempor\u00e1nea, este refinado portavelas es sin\u00f3nimo de atractivo imperecedero. Tiene un acabado dorado y cilindros de vidrio transparente que ofrecen una luz suave y c\u00e1lida.<\/p>\n","protected":false},"featured_media":4977,"template":"","meta":[],"product_cat":[74,50],"product_tag":[],"class_list":{"0":"post-4976","1":"product","2":"type-product","3":"status-publish","4":"has-post-thumbnail","6":"product_cat-hestia-tienda-online","7":"product_cat-accesorios","8":"product_shipping_class-clase-de-envio-hestia","10":"first","11":"instock","12":"taxable","13":"shipping-taxable","14":"purchasable","15":"product-type-simple"},"_links":{"self":[{"href":"https:\/\/hestiastyle.com\/hestia\/wp-json\/wp\/v2\/product\/4976"}],"collection":[{"href":"https:\/\/hestiastyle.com\/hestia\/wp-json\/wp\/v2\/product"}],"about":[{"href":"https:\/\/hestiastyle.com\/hestia\/wp-json\/wp\/v2\/types\/product"}],"wp:featuredmedia":[{"embeddable":true,"href":"https:\/\/hestiastyle.com\/hestia\/wp-json\/wp\/v2\/media\/4977"}],"wp:attachment":[{"href":"https:\/\/hestiastyle.com\/hestia\/wp-json\/wp\/v2\/media?parent=4976"}],"wp:term":[{"taxonomy":"product_cat","embeddable":true,"href":"https:\/\/hestiastyle.com\/hestia\/wp-json\/wp\/v2\/product_cat?post=4976"},{"taxonomy":"product_tag","embeddable":true,"href":"https:\/\/hestiastyle.com\/hestia\/wp-json\/wp\/v2\/product_tag?post=4976"}],"curies":[{"name":"wp","href":"https:\/\/api.w.org\/{rel}","templated":true}]}}