{"id":4946,"date":"2023-02-17T14:39:12","date_gmt":"2023-02-17T13:39:12","guid":{"rendered":"https:\/\/hestiastyle.com\/hestia\/?post_type=product&#038;p=4946"},"modified":"2023-02-17T14:46:47","modified_gmt":"2023-02-17T13:46:47","slug":"side-table-connor","status":"publish","type":"product","link":"https:\/\/hestiastyle.com\/hestia\/producto\/side-table-connor\/","title":{"rendered":"Side table Connor"},"content":{"rendered":"<p>Side table Connor<\/p>\n<p>Dimensiones: 50,5 x 65 x H. 60 cm<\/p>\n","protected":false},"excerpt":{"rendered":"<p>Descubra la versatilidad de la mesa auxiliar Connor. Con su base piramidal brillante, esta mesa de dise\u00f1o a\u00f1ade brillo y esplendor a la decoraci\u00f3n de su hogar. Elaborada a partir de acero inoxidable, la llamativa base geom\u00e9trica tiene un glamuroso acabado dorado y un tablero de vidrio transparente.<\/p>\n","protected":false},"featured_media":4953,"template":"","meta":[],"product_cat":[74,54],"product_tag":[],"class_list":{"0":"post-4946","1":"product","2":"type-product","3":"status-publish","4":"has-post-thumbnail","6":"product_cat-hestia-tienda-online","7":"product_cat-iluminacion","8":"product_shipping_class-clase-de-envio-hestia","10":"first","11":"instock","12":"taxable","13":"shipping-taxable","14":"purchasable","15":"product-type-simple"},"_links":{"self":[{"href":"https:\/\/hestiastyle.com\/hestia\/wp-json\/wp\/v2\/product\/4946"}],"collection":[{"href":"https:\/\/hestiastyle.com\/hestia\/wp-json\/wp\/v2\/product"}],"about":[{"href":"https:\/\/hestiastyle.com\/hestia\/wp-json\/wp\/v2\/types\/product"}],"wp:featuredmedia":[{"embeddable":true,"href":"https:\/\/hestiastyle.com\/hestia\/wp-json\/wp\/v2\/media\/4953"}],"wp:attachment":[{"href":"https:\/\/hestiastyle.com\/hestia\/wp-json\/wp\/v2\/media?parent=4946"}],"wp:term":[{"taxonomy":"product_cat","embeddable":true,"href":"https:\/\/hestiastyle.com\/hestia\/wp-json\/wp\/v2\/product_cat?post=4946"},{"taxonomy":"product_tag","embeddable":true,"href":"https:\/\/hestiastyle.com\/hestia\/wp-json\/wp\/v2\/product_tag?post=4946"}],"curies":[{"name":"wp","href":"https:\/\/api.w.org\/{rel}","templated":true}]}}