{"id":4915,"date":"2023-02-17T13:01:35","date_gmt":"2023-02-17T12:01:35","guid":{"rendered":"https:\/\/hestiastyle.com\/hestia\/?post_type=product&#038;p=4915"},"modified":"2023-02-17T13:05:41","modified_gmt":"2023-02-17T12:05:41","slug":"box-viviene-l","status":"publish","type":"product","link":"https:\/\/hestiastyle.com\/hestia\/producto\/box-viviene-l\/","title":{"rendered":"Box Vivi\u00ebne L"},"content":{"rendered":"<p>Box Vivi\u00ebne L<\/p>\n<p>Dimensiones:40 x 30 x H. 10 cm<\/p>\n","protected":false},"excerpt":{"rendered":"<p>A\u00f1ada un toque elegante y glamuroso a su dormitorio, sal\u00f3n o comedor con la magn\u00edfica caja Vivi\u00ebnne L. Esta caja de almacenamiento decorativa con acabado niquelado exuda estilo de dise\u00f1o.<\/p>\n","protected":false},"featured_media":4917,"template":"","meta":[],"product_cat":[74,50],"product_tag":[],"class_list":{"0":"post-4915","1":"product","2":"type-product","3":"status-publish","4":"has-post-thumbnail","6":"product_cat-hestia-tienda-online","7":"product_cat-accesorios","8":"product_shipping_class-clase-de-envio-hestia","10":"first","11":"instock","12":"taxable","13":"shipping-taxable","14":"purchasable","15":"product-type-simple"},"_links":{"self":[{"href":"https:\/\/hestiastyle.com\/hestia\/wp-json\/wp\/v2\/product\/4915"}],"collection":[{"href":"https:\/\/hestiastyle.com\/hestia\/wp-json\/wp\/v2\/product"}],"about":[{"href":"https:\/\/hestiastyle.com\/hestia\/wp-json\/wp\/v2\/types\/product"}],"wp:featuredmedia":[{"embeddable":true,"href":"https:\/\/hestiastyle.com\/hestia\/wp-json\/wp\/v2\/media\/4917"}],"wp:attachment":[{"href":"https:\/\/hestiastyle.com\/hestia\/wp-json\/wp\/v2\/media?parent=4915"}],"wp:term":[{"taxonomy":"product_cat","embeddable":true,"href":"https:\/\/hestiastyle.com\/hestia\/wp-json\/wp\/v2\/product_cat?post=4915"},{"taxonomy":"product_tag","embeddable":true,"href":"https:\/\/hestiastyle.com\/hestia\/wp-json\/wp\/v2\/product_tag?post=4915"}],"curies":[{"name":"wp","href":"https:\/\/api.w.org\/{rel}","templated":true}]}}