{"id":4867,"date":"2023-02-16T13:15:36","date_gmt":"2023-02-16T12:15:36","guid":{"rendered":"https:\/\/hestiastyle.com\/hestia\/?post_type=product&#038;p=4867"},"modified":"2023-05-05T11:28:59","modified_gmt":"2023-05-05T10:28:59","slug":"console-table-beau-deco","status":"publish","type":"product","link":"https:\/\/hestiastyle.com\/hestia\/producto\/console-table-beau-deco\/","title":{"rendered":"Console table Beau Deco"},"content":{"rendered":"<p>Console table Beau Deco<\/p>\n<p>Dimensiones:70 x 30 x H. 92,5 cm<\/p>\n","protected":false},"excerpt":{"rendered":"<p>Cree un efecto monocrom\u00e1tico en su interior con la mesa consola Beau Deco. Est\u00e1 formada por una estructura \u00fanica con acabado dorado, una base grande y robusta y listones salientes a ambos lados. El tablero rectangular tiene una superficie de m\u00e1rmol negro.<\/p>\n","protected":false},"featured_media":4869,"template":"","meta":[],"product_cat":[74,52],"product_tag":[],"class_list":{"0":"post-4867","1":"product","2":"type-product","3":"status-publish","4":"has-post-thumbnail","6":"product_cat-hestia-tienda-online","7":"product_cat-muebles","8":"product_shipping_class-clase-de-envio-hestia","10":"first","11":"outofstock","12":"taxable","13":"shipping-taxable","14":"purchasable","15":"product-type-simple"},"_links":{"self":[{"href":"https:\/\/hestiastyle.com\/hestia\/wp-json\/wp\/v2\/product\/4867"}],"collection":[{"href":"https:\/\/hestiastyle.com\/hestia\/wp-json\/wp\/v2\/product"}],"about":[{"href":"https:\/\/hestiastyle.com\/hestia\/wp-json\/wp\/v2\/types\/product"}],"wp:featuredmedia":[{"embeddable":true,"href":"https:\/\/hestiastyle.com\/hestia\/wp-json\/wp\/v2\/media\/4869"}],"wp:attachment":[{"href":"https:\/\/hestiastyle.com\/hestia\/wp-json\/wp\/v2\/media?parent=4867"}],"wp:term":[{"taxonomy":"product_cat","embeddable":true,"href":"https:\/\/hestiastyle.com\/hestia\/wp-json\/wp\/v2\/product_cat?post=4867"},{"taxonomy":"product_tag","embeddable":true,"href":"https:\/\/hestiastyle.com\/hestia\/wp-json\/wp\/v2\/product_tag?post=4867"}],"curies":[{"name":"wp","href":"https:\/\/api.w.org\/{rel}","templated":true}]}}