{"id":4826,"date":"2023-02-14T15:15:25","date_gmt":"2023-02-14T14:15:25","guid":{"rendered":"https:\/\/hestiastyle.com\/hestia\/?post_type=product&#038;p=4826"},"modified":"2023-02-15T11:40:47","modified_gmt":"2023-02-15T10:40:47","slug":"side-table-cocktail","status":"publish","type":"product","link":"https:\/\/hestiastyle.com\/hestia\/producto\/side-table-cocktail\/","title":{"rendered":"Side table Cocktail"},"content":{"rendered":"<p>Side table cocktail<\/p>\n<p>Dimensiones:45 x 45 x H. 58 cm<\/p>\n","protected":false},"excerpt":{"rendered":"<p>La mesa auxiliar Cocktail est\u00e1 formada por una esbelta estructura con acabado en bronce y un elegante tablero de m\u00e1rmol negro con nervaduras blancas. La mesa decorativa ideal para su sala de estar o comedor, donde aportar\u00e1 un estilo contempor\u00e1neo y sofisticado.<\/p>\n","protected":false},"featured_media":4827,"template":"","meta":[],"product_cat":[74,52],"product_tag":[],"class_list":{"0":"post-4826","1":"product","2":"type-product","3":"status-publish","4":"has-post-thumbnail","6":"product_cat-hestia-tienda-online","7":"product_cat-muebles","8":"product_shipping_class-clase-de-envio-hestia","10":"first","11":"instock","12":"taxable","13":"shipping-taxable","14":"purchasable","15":"product-type-simple"},"_links":{"self":[{"href":"https:\/\/hestiastyle.com\/hestia\/wp-json\/wp\/v2\/product\/4826"}],"collection":[{"href":"https:\/\/hestiastyle.com\/hestia\/wp-json\/wp\/v2\/product"}],"about":[{"href":"https:\/\/hestiastyle.com\/hestia\/wp-json\/wp\/v2\/types\/product"}],"wp:featuredmedia":[{"embeddable":true,"href":"https:\/\/hestiastyle.com\/hestia\/wp-json\/wp\/v2\/media\/4827"}],"wp:attachment":[{"href":"https:\/\/hestiastyle.com\/hestia\/wp-json\/wp\/v2\/media?parent=4826"}],"wp:term":[{"taxonomy":"product_cat","embeddable":true,"href":"https:\/\/hestiastyle.com\/hestia\/wp-json\/wp\/v2\/product_cat?post=4826"},{"taxonomy":"product_tag","embeddable":true,"href":"https:\/\/hestiastyle.com\/hestia\/wp-json\/wp\/v2\/product_tag?post=4826"}],"curies":[{"name":"wp","href":"https:\/\/api.w.org\/{rel}","templated":true}]}}