{"id":4816,"date":"2023-02-14T15:05:24","date_gmt":"2023-02-14T14:05:24","guid":{"rendered":"https:\/\/hestiastyle.com\/hestia\/?post_type=product&#038;p=4816"},"modified":"2023-02-15T11:42:40","modified_gmt":"2023-02-15T10:42:40","slug":"desk-lamp-navy","status":"publish","type":"product","link":"https:\/\/hestiastyle.com\/hestia\/producto\/desk-lamp-navy\/","title":{"rendered":"Desk lamp Navy"},"content":{"rendered":"<p>Desk lamp Navy<\/p>\n<p>Dimensiones: \u00a017 x 17 x 40 cm<\/p>\n","protected":false},"excerpt":{"rendered":"<p>Ilumine con estilo retro su sala de estar o su estudio con la l\u00e1mpara de escritorio Navy. Esta l\u00e1mpara de escritorio ajustable, cl\u00e1sica y elegante, con un acabado niquelado es perfecta para leer, estudiar o hacer labores de costura. Las dos articulaciones permiten dirigir la luz hacia donde sea necesaria.<\/p>\n","protected":false},"featured_media":4817,"template":"","meta":[],"product_cat":[74,54],"product_tag":[],"class_list":{"0":"post-4816","1":"product","2":"type-product","3":"status-publish","4":"has-post-thumbnail","6":"product_cat-hestia-tienda-online","7":"product_cat-iluminacion","8":"product_shipping_class-clase-de-envio-hestia","10":"first","11":"instock","12":"taxable","13":"shipping-taxable","14":"purchasable","15":"product-type-simple"},"_links":{"self":[{"href":"https:\/\/hestiastyle.com\/hestia\/wp-json\/wp\/v2\/product\/4816"}],"collection":[{"href":"https:\/\/hestiastyle.com\/hestia\/wp-json\/wp\/v2\/product"}],"about":[{"href":"https:\/\/hestiastyle.com\/hestia\/wp-json\/wp\/v2\/types\/product"}],"wp:featuredmedia":[{"embeddable":true,"href":"https:\/\/hestiastyle.com\/hestia\/wp-json\/wp\/v2\/media\/4817"}],"wp:attachment":[{"href":"https:\/\/hestiastyle.com\/hestia\/wp-json\/wp\/v2\/media?parent=4816"}],"wp:term":[{"taxonomy":"product_cat","embeddable":true,"href":"https:\/\/hestiastyle.com\/hestia\/wp-json\/wp\/v2\/product_cat?post=4816"},{"taxonomy":"product_tag","embeddable":true,"href":"https:\/\/hestiastyle.com\/hestia\/wp-json\/wp\/v2\/product_tag?post=4816"}],"curies":[{"name":"wp","href":"https:\/\/api.w.org\/{rel}","templated":true}]}}