{"id":4792,"date":"2023-02-14T14:46:01","date_gmt":"2023-02-14T13:46:01","guid":{"rendered":"https:\/\/hestiastyle.com\/hestia\/?post_type=product&#038;p=4792"},"modified":"2023-02-14T14:52:31","modified_gmt":"2023-02-14T13:52:31","slug":"baobab-collection-vezo-betany","status":"publish","type":"product","link":"https:\/\/hestiastyle.com\/hestia\/producto\/baobab-collection-vezo-betany\/","title":{"rendered":"Baobab Collection &#8211; Vezo Betany"},"content":{"rendered":"<p>Vezo Betany<\/p>\n<p>Vetiver<span class=\"fragrance_divider\">&#8211;<\/span>Sal marina<span class=\"fragrance_divider\">&#8211;<\/span>\u00c1mbar<\/p>\n","protected":false},"excerpt":{"rendered":"<div class=\"template-page content av-content-full alpha units\">\n<div class=\"post-entry post-entry-type-page post-entry-3532\">\n<div class=\"entry-content-wrapper clearfix\">\n<div class=\"flex_column av-dmkebw-f4b2298ddd0edbc4c3fbf8a3e5649c11 av_two_third avia-builder-el-1 el_after_av_slideshow_full el_before_av_one_third avia-builder-el-first first flex_column_div \">\n<section class=\"av_textblock_section av-ctt5t8-9df68a39f85e62783263f8dcfd2d068c\">\n<div class=\"avia_textblock\">\n<h1 class=\"main-title entry-title\">Vezo Betany<\/h1>\n<p>Vetiver<span class=\"fragrance_divider\">&#8211;<\/span>Sal marina<span class=\"fragrance_divider\">&#8211;<\/span>\u00c1mbar<\/p>\n<p>La vela perfumada del oc\u00e9ano Betany lleva el nombre de un peque\u00f1o pueblo pesquero en el suroeste de la isla de Madagascar. El candelabro estampado de esta vela perfumada con sal marina ha sido rebotado a mano en rafia, con motivos de pescado azul y turquesa. Las velas altamente decorativas y perfumadas de nuestra colecci\u00f3n son una hermosa adici\u00f3n a las casas costeras. Esta vela perfumada, \u00e1mbar, perfumada con sal marina, transportar\u00e1 la frescura de la spray marina a su hogar.<\/p>\n<\/div>\n<\/section>\n<\/div>\n<\/div>\n<\/div>\n<\/div>\n","protected":false},"featured_media":4797,"template":"","meta":[],"product_cat":[74,51],"product_tag":[],"class_list":{"0":"post-4792","1":"product","2":"type-product","3":"status-publish","4":"has-post-thumbnail","6":"product_cat-hestia-tienda-online","7":"product_cat-baobab-collection","8":"product_shipping_class-clase-de-envio-hestia","10":"first","11":"instock","12":"taxable","13":"shipping-taxable","14":"purchasable","15":"product-type-variable"},"_links":{"self":[{"href":"https:\/\/hestiastyle.com\/hestia\/wp-json\/wp\/v2\/product\/4792"}],"collection":[{"href":"https:\/\/hestiastyle.com\/hestia\/wp-json\/wp\/v2\/product"}],"about":[{"href":"https:\/\/hestiastyle.com\/hestia\/wp-json\/wp\/v2\/types\/product"}],"wp:featuredmedia":[{"embeddable":true,"href":"https:\/\/hestiastyle.com\/hestia\/wp-json\/wp\/v2\/media\/4797"}],"wp:attachment":[{"href":"https:\/\/hestiastyle.com\/hestia\/wp-json\/wp\/v2\/media?parent=4792"}],"wp:term":[{"taxonomy":"product_cat","embeddable":true,"href":"https:\/\/hestiastyle.com\/hestia\/wp-json\/wp\/v2\/product_cat?post=4792"},{"taxonomy":"product_tag","embeddable":true,"href":"https:\/\/hestiastyle.com\/hestia\/wp-json\/wp\/v2\/product_tag?post=4792"}],"curies":[{"name":"wp","href":"https:\/\/api.w.org\/{rel}","templated":true}]}}