{"id":4749,"date":"2023-02-13T18:46:31","date_gmt":"2023-02-13T17:46:31","guid":{"rendered":"https:\/\/hestiastyle.com\/hestia\/?post_type=product&#038;p=4749"},"modified":"2023-02-13T18:53:53","modified_gmt":"2023-02-13T17:53:53","slug":"baobab-collection-mexic","status":"publish","type":"product","link":"https:\/\/hestiastyle.com\/hestia\/producto\/baobab-collection-mexic\/","title":{"rendered":"Baobab Collection &#8211; Mexico"},"content":{"rendered":"<p>Mexico<\/p>\n<p>Grosella negra\u00a0<span class=\"fragrance_divider\">&#8211;<\/span>Fresia<span class=\"fragrance_divider\">&#8211;<\/span>Cedro<\/p>\n","protected":false},"excerpt":{"rendered":"<div class=\"template-page content av-content-full alpha units\">\n<div class=\"post-entry post-entry-type-page post-entry-3532\">\n<div class=\"entry-content-wrapper clearfix\">\n<div class=\"flex_column av-dmkebw-f4b2298ddd0edbc4c3fbf8a3e5649c11 av_two_third avia-builder-el-1 el_after_av_slideshow_full el_before_av_one_third avia-builder-el-first first flex_column_div \">\n<section class=\"av_textblock_section av-ctt5t8-9df68a39f85e62783263f8dcfd2d068c\">\n<div class=\"avia_textblock\">\n<h1 class=\"main-title entry-title\">Mexico<\/h1>\n<p>Grosella negra\u00a0<span class=\"fragrance_divider\">&#8211;<\/span>Fresia<span class=\"fragrance_divider\">&#8211;<\/span>Cedro<\/p>\n<p>El vidrio de la vela perfumada Mexico est\u00e1 recubierto de una serigraf\u00eda dorada y de colores que representa un exvoto en forma de coraz\u00f3n, un peque\u00f1o objeto que se utilizaba espiritualmente para pedir un deseo o agradecer una gracia que se nos conced\u00eda. Los motivos de corazones se diseminan alrededor del recipiente y en la parte inferior se aprecia sutilmente un motivo bordado que se encuentra en la artesan\u00eda mexicana y en los corpi\u00f1os de Frida Kahlo.<\/p>\n<\/div>\n<\/section>\n<\/div>\n<\/div>\n<\/div>\n<\/div>\n","protected":false},"featured_media":4756,"template":"","meta":[],"product_cat":[74,51],"product_tag":[],"class_list":{"0":"post-4749","1":"product","2":"type-product","3":"status-publish","4":"has-post-thumbnail","6":"product_cat-hestia-tienda-online","7":"product_cat-baobab-collection","8":"product_shipping_class-clase-de-envio-hestia","10":"first","11":"instock","12":"taxable","13":"shipping-taxable","14":"purchasable","15":"product-type-variable"},"_links":{"self":[{"href":"https:\/\/hestiastyle.com\/hestia\/wp-json\/wp\/v2\/product\/4749"}],"collection":[{"href":"https:\/\/hestiastyle.com\/hestia\/wp-json\/wp\/v2\/product"}],"about":[{"href":"https:\/\/hestiastyle.com\/hestia\/wp-json\/wp\/v2\/types\/product"}],"wp:featuredmedia":[{"embeddable":true,"href":"https:\/\/hestiastyle.com\/hestia\/wp-json\/wp\/v2\/media\/4756"}],"wp:attachment":[{"href":"https:\/\/hestiastyle.com\/hestia\/wp-json\/wp\/v2\/media?parent=4749"}],"wp:term":[{"taxonomy":"product_cat","embeddable":true,"href":"https:\/\/hestiastyle.com\/hestia\/wp-json\/wp\/v2\/product_cat?post=4749"},{"taxonomy":"product_tag","embeddable":true,"href":"https:\/\/hestiastyle.com\/hestia\/wp-json\/wp\/v2\/product_tag?post=4749"}],"curies":[{"name":"wp","href":"https:\/\/api.w.org\/{rel}","templated":true}]}}