{"id":4732,"date":"2023-02-13T15:37:12","date_gmt":"2023-02-13T14:37:12","guid":{"rendered":"https:\/\/hestiastyle.com\/hestia\/?post_type=product&#038;p=4732"},"modified":"2023-02-15T11:45:33","modified_gmt":"2023-02-15T10:45:33","slug":"lantern-residenctial-m","status":"publish","type":"product","link":"https:\/\/hestiastyle.com\/hestia\/producto\/lantern-residenctial-m\/","title":{"rendered":"Lanter Residential M"},"content":{"rendered":"<p>Lantern Residential M<\/p>\n<p>Dimensiones: \u00f8 43 x H. 63 cm:<\/p>\n","protected":false},"excerpt":{"rendered":"<p>Con la l\u00e1mpara Residential M podr\u00e1 transformar su casa en un espacio cl\u00e1sico y majestuoso. Esta l\u00e1mpara de belleza superior presenta una estructura redonda ligeramente decorada con un acabado en n\u00edquel y paneles de vidrio transparente. Un maravilloso complemento para la iluminaci\u00f3n de su hogar.<\/p>\n","protected":false},"featured_media":4733,"template":"","meta":[],"product_cat":[74,54],"product_tag":[],"class_list":{"0":"post-4732","1":"product","2":"type-product","3":"status-publish","4":"has-post-thumbnail","6":"product_cat-hestia-tienda-online","7":"product_cat-iluminacion","8":"product_shipping_class-clase-de-envio-hestia","9":"fb_product_set-catalogo-hestia-style","11":"first","12":"instock","13":"taxable","14":"shipping-taxable","15":"purchasable","16":"product-type-simple"},"_links":{"self":[{"href":"https:\/\/hestiastyle.com\/hestia\/wp-json\/wp\/v2\/product\/4732"}],"collection":[{"href":"https:\/\/hestiastyle.com\/hestia\/wp-json\/wp\/v2\/product"}],"about":[{"href":"https:\/\/hestiastyle.com\/hestia\/wp-json\/wp\/v2\/types\/product"}],"wp:featuredmedia":[{"embeddable":true,"href":"https:\/\/hestiastyle.com\/hestia\/wp-json\/wp\/v2\/media\/4733"}],"wp:attachment":[{"href":"https:\/\/hestiastyle.com\/hestia\/wp-json\/wp\/v2\/media?parent=4732"}],"wp:term":[{"taxonomy":"product_cat","embeddable":true,"href":"https:\/\/hestiastyle.com\/hestia\/wp-json\/wp\/v2\/product_cat?post=4732"},{"taxonomy":"product_tag","embeddable":true,"href":"https:\/\/hestiastyle.com\/hestia\/wp-json\/wp\/v2\/product_tag?post=4732"}],"curies":[{"name":"wp","href":"https:\/\/api.w.org\/{rel}","templated":true}]}}