{"id":4568,"date":"2023-02-01T13:00:55","date_gmt":"2023-02-01T12:00:55","guid":{"rendered":"https:\/\/hestiastyle.com\/hestia\/?post_type=product&#038;p=4568"},"modified":"2023-02-01T13:06:10","modified_gmt":"2023-02-01T12:06:10","slug":"bandeja-efecto-piel-marron-2","status":"publish","type":"product","link":"https:\/\/hestiastyle.com\/hestia\/producto\/bandeja-efecto-piel-marron-2\/","title":{"rendered":"Bandeja efecto piel marr\u00f3n"},"content":{"rendered":"<p>Bandeja efecto piel marr\u00f3n<br \/>\nDimensiones:18x18x3 cm<\/p>\n","protected":false},"excerpt":{"rendered":"<p>La\u00a0<strong>bandeja vaciabolsillos efecto piel chocolate<\/strong> efecto piel es el recurso perfecto para colocar en la entrada, encima de la consola, en la mesa del despacho o bien en la mesita de noche. \u00bfLa clave? Tenerla en un lugar donde se necesite un espacios donde depositar objetos peque\u00f1os\u00a0que se usen continuamente.<\/p>\n<p>Su acabado en color marr\u00f3n chocolate combina a la perfecci\u00f3n con todo tipo de decoraci\u00f3n.<\/p>\n<p>Se trata de una pieza funcional que aporta una nota de elegancia y sofisticaci\u00f3n a la zona de trabajo o en cualquier rinc\u00f3n de la casa donde la coloquemos.<\/p>\n","protected":false},"featured_media":4569,"template":"","meta":[],"product_cat":[74,50],"product_tag":[],"class_list":{"0":"post-4568","1":"product","2":"type-product","3":"status-publish","4":"has-post-thumbnail","6":"product_cat-hestia-tienda-online","7":"product_cat-accesorios","8":"product_shipping_class-clase-de-envio-hestia","10":"first","11":"instock","12":"taxable","13":"shipping-taxable","14":"purchasable","15":"product-type-simple"},"_links":{"self":[{"href":"https:\/\/hestiastyle.com\/hestia\/wp-json\/wp\/v2\/product\/4568"}],"collection":[{"href":"https:\/\/hestiastyle.com\/hestia\/wp-json\/wp\/v2\/product"}],"about":[{"href":"https:\/\/hestiastyle.com\/hestia\/wp-json\/wp\/v2\/types\/product"}],"wp:featuredmedia":[{"embeddable":true,"href":"https:\/\/hestiastyle.com\/hestia\/wp-json\/wp\/v2\/media\/4569"}],"wp:attachment":[{"href":"https:\/\/hestiastyle.com\/hestia\/wp-json\/wp\/v2\/media?parent=4568"}],"wp:term":[{"taxonomy":"product_cat","embeddable":true,"href":"https:\/\/hestiastyle.com\/hestia\/wp-json\/wp\/v2\/product_cat?post=4568"},{"taxonomy":"product_tag","embeddable":true,"href":"https:\/\/hestiastyle.com\/hestia\/wp-json\/wp\/v2\/product_tag?post=4568"}],"curies":[{"name":"wp","href":"https:\/\/api.w.org\/{rel}","templated":true}]}}