{"id":4537,"date":"2023-02-01T11:04:45","date_gmt":"2023-02-01T10:04:45","guid":{"rendered":"https:\/\/hestiastyle.com\/hestia\/?post_type=product&#038;p=4537"},"modified":"2023-02-01T11:21:46","modified_gmt":"2023-02-01T10:21:46","slug":"caja-de-vidrio-ambar","status":"publish","type":"product","link":"https:\/\/hestiastyle.com\/hestia\/producto\/caja-de-vidrio-ambar\/","title":{"rendered":"Caja de vidrio \u00e1mbar"},"content":{"rendered":"<p>Caja vidrio \u00e1mbar<br \/>\nDimensiones:\u00a0\u00d810&#8217;5 cm x 12 cm<\/p>\n","protected":false},"excerpt":{"rendered":"<p>La\u00a0<strong>caja vintage mediana color \u00e1mbar con tapa<\/strong>\u00a0es ideal para decorar tu rinc\u00f3n favorito y darle un toque Art Dec\u00f2.<\/p>\n<p>A la vez que puedes darle un toque elegante y podr\u00e1s almacenar aquellas cosas como llaves, anillos u objetos peque\u00f1os que est\u00e9n a la vista y puedan perderse.<\/p>\n<p>&nbsp;<\/p>\n<p>&nbsp;<\/p>\n","protected":false},"featured_media":4538,"template":"","meta":[],"product_cat":[74,50],"product_tag":[],"class_list":{"0":"post-4537","1":"product","2":"type-product","3":"status-publish","4":"has-post-thumbnail","6":"product_cat-hestia-tienda-online","7":"product_cat-accesorios","8":"product_shipping_class-clase-de-envio-hestia","10":"first","11":"instock","12":"taxable","13":"shipping-taxable","14":"purchasable","15":"product-type-simple"},"_links":{"self":[{"href":"https:\/\/hestiastyle.com\/hestia\/wp-json\/wp\/v2\/product\/4537"}],"collection":[{"href":"https:\/\/hestiastyle.com\/hestia\/wp-json\/wp\/v2\/product"}],"about":[{"href":"https:\/\/hestiastyle.com\/hestia\/wp-json\/wp\/v2\/types\/product"}],"wp:featuredmedia":[{"embeddable":true,"href":"https:\/\/hestiastyle.com\/hestia\/wp-json\/wp\/v2\/media\/4538"}],"wp:attachment":[{"href":"https:\/\/hestiastyle.com\/hestia\/wp-json\/wp\/v2\/media?parent=4537"}],"wp:term":[{"taxonomy":"product_cat","embeddable":true,"href":"https:\/\/hestiastyle.com\/hestia\/wp-json\/wp\/v2\/product_cat?post=4537"},{"taxonomy":"product_tag","embeddable":true,"href":"https:\/\/hestiastyle.com\/hestia\/wp-json\/wp\/v2\/product_tag?post=4537"}],"curies":[{"name":"wp","href":"https:\/\/api.w.org\/{rel}","templated":true}]}}