{"id":4378,"date":"2023-01-26T12:50:22","date_gmt":"2023-01-26T11:50:22","guid":{"rendered":"https:\/\/hestiastyle.com\/hestia\/?post_type=product&#038;p=4378"},"modified":"2023-02-13T14:48:54","modified_gmt":"2023-02-13T13:48:54","slug":"baobab-collection-coral-pearls","status":"publish","type":"product","link":"https:\/\/hestiastyle.com\/hestia\/producto\/baobab-collection-coral-pearls\/","title":{"rendered":"Baobab Collection &#8211; Coral Pearls"},"content":{"rendered":"<p>Coral Pearls<\/p>\n<p>C\u00edtricos<span class=\"fragrance_divider\">&#8211;<\/span>Jazm\u00edn\u00a0<span class=\"fragrance_divider\">&#8211;<\/span>Cedro<\/p>\n","protected":false},"excerpt":{"rendered":"<div class=\"template-page content av-content-full alpha units\">\n<div class=\"post-entry post-entry-type-page post-entry-3532\">\n<div class=\"entry-content-wrapper clearfix\">\n<div class=\"flex_column av-dmkebw-f4b2298ddd0edbc4c3fbf8a3e5649c11 av_two_third avia-builder-el-1 el_after_av_slideshow_full el_before_av_one_third avia-builder-el-first first flex_column_div \">\n<section class=\"av_textblock_section av-ctt5t8-9df68a39f85e62783263f8dcfd2d068c\">\n<div class=\"avia_textblock\">\n<h1 class=\"main-title entry-title\">Coral Pearls<\/h1>\n<p>C\u00edtricos<span class=\"fragrance_divider\">&#8211;<\/span>Jazm\u00edn\u00a0<span class=\"fragrance_divider\">&#8211;<\/span>Cedro<\/p>\n<p>La vela perfumada Coral Pearls es un objeto de decoraci\u00f3n que iluminar\u00e1 su estancia y la llenar\u00e1 de una fragancia fascinante. El vaso, de cristal soplado, est\u00e1 salpicado de finos dibujos en coral. La vela, cuyos colores nos recuerdan a los corales preciosos, encajar\u00e1 a la perfecci\u00f3n en las casas de vacaciones.<\/p>\n<\/div>\n<\/section>\n<\/div>\n<\/div>\n<\/div>\n<\/div>\n","protected":false},"featured_media":4383,"template":"","meta":[],"product_cat":[74,51],"product_tag":[],"class_list":{"0":"post-4378","1":"product","2":"type-product","3":"status-publish","4":"has-post-thumbnail","6":"product_cat-hestia-tienda-online","7":"product_cat-baobab-collection","8":"product_shipping_class-clase-de-envio-hestia","10":"first","11":"instock","12":"taxable","13":"shipping-taxable","14":"purchasable","15":"product-type-variable"},"_links":{"self":[{"href":"https:\/\/hestiastyle.com\/hestia\/wp-json\/wp\/v2\/product\/4378"}],"collection":[{"href":"https:\/\/hestiastyle.com\/hestia\/wp-json\/wp\/v2\/product"}],"about":[{"href":"https:\/\/hestiastyle.com\/hestia\/wp-json\/wp\/v2\/types\/product"}],"wp:featuredmedia":[{"embeddable":true,"href":"https:\/\/hestiastyle.com\/hestia\/wp-json\/wp\/v2\/media\/4383"}],"wp:attachment":[{"href":"https:\/\/hestiastyle.com\/hestia\/wp-json\/wp\/v2\/media?parent=4378"}],"wp:term":[{"taxonomy":"product_cat","embeddable":true,"href":"https:\/\/hestiastyle.com\/hestia\/wp-json\/wp\/v2\/product_cat?post=4378"},{"taxonomy":"product_tag","embeddable":true,"href":"https:\/\/hestiastyle.com\/hestia\/wp-json\/wp\/v2\/product_tag?post=4378"}],"curies":[{"name":"wp","href":"https:\/\/api.w.org\/{rel}","templated":true}]}}