{"id":4359,"date":"2023-01-26T12:22:06","date_gmt":"2023-01-26T11:22:06","guid":{"rendered":"https:\/\/hestiastyle.com\/hestia\/?post_type=product&#038;p=4359"},"modified":"2023-01-29T01:23:48","modified_gmt":"2023-01-29T00:23:48","slug":"mirror-laurel","status":"publish","type":"product","link":"https:\/\/hestiastyle.com\/hestia\/producto\/mirror-laurel\/","title":{"rendered":"Mirror Laurel"},"content":{"rendered":"<p>Mirror Laurel<br \/>\nDimensiones:\u00f8 60 x D. 9 cm<\/p>\n","protected":false},"excerpt":{"rendered":"<p>Si te encanta la tendencia de la jungla bot\u00e1nica, \u00a1el precioso espejo biselado Laurel es imprescindible para ti! Con su glamuroso acabado en lat\u00f3n vintage y sus intrincados detalles, esta belleza arb\u00f3rea aportar\u00e1 opulencia tropical a tu interior.<br \/>\nDimensiones:\u00f8 60 x D. 9 cm<\/p>\n","protected":false},"featured_media":4360,"template":"","meta":[],"product_cat":[74,50],"product_tag":[],"class_list":{"0":"post-4359","1":"product","2":"type-product","3":"status-publish","4":"has-post-thumbnail","6":"product_cat-hestia-tienda-online","7":"product_cat-accesorios","8":"product_shipping_class-clase-de-envio-hestia","10":"first","11":"instock","12":"taxable","13":"shipping-taxable","14":"purchasable","15":"product-type-simple"},"_links":{"self":[{"href":"https:\/\/hestiastyle.com\/hestia\/wp-json\/wp\/v2\/product\/4359"}],"collection":[{"href":"https:\/\/hestiastyle.com\/hestia\/wp-json\/wp\/v2\/product"}],"about":[{"href":"https:\/\/hestiastyle.com\/hestia\/wp-json\/wp\/v2\/types\/product"}],"wp:featuredmedia":[{"embeddable":true,"href":"https:\/\/hestiastyle.com\/hestia\/wp-json\/wp\/v2\/media\/4360"}],"wp:attachment":[{"href":"https:\/\/hestiastyle.com\/hestia\/wp-json\/wp\/v2\/media?parent=4359"}],"wp:term":[{"taxonomy":"product_cat","embeddable":true,"href":"https:\/\/hestiastyle.com\/hestia\/wp-json\/wp\/v2\/product_cat?post=4359"},{"taxonomy":"product_tag","embeddable":true,"href":"https:\/\/hestiastyle.com\/hestia\/wp-json\/wp\/v2\/product_tag?post=4359"}],"curies":[{"name":"wp","href":"https:\/\/api.w.org\/{rel}","templated":true}]}}