{"id":4331,"date":"2023-01-13T12:40:05","date_gmt":"2023-01-13T11:40:05","guid":{"rendered":"https:\/\/hestiastyle.com\/hestia\/?post_type=product&#038;p=4331"},"modified":"2023-01-29T01:23:49","modified_gmt":"2023-01-29T00:23:49","slug":"wall-lamp-wentworth-double","status":"publish","type":"product","link":"https:\/\/hestiastyle.com\/hestia\/producto\/wall-lamp-wentworth-double\/","title":{"rendered":"Wall lamp Wentworth double"},"content":{"rendered":"<p>Wall lamp Wentworth dou<br \/>\nDimensiones:33 x H. 25 x D. 25 cm<\/p>\n","protected":false},"excerpt":{"rendered":"<p>Invita a la elegancia de un hotel boutique a tu decoraci\u00f3n con el aplique doble Wentworth. Inspirada en las l\u00e1mparas de pared antiguas, esta l\u00e1mpara de pared de lat\u00f3n envejecido cuenta con dos brazos ajustables y viene con dos pantallas blancas plisadas.<br \/>\nDimensiones:33 x H. 25 x D. 25 cm<\/p>\n","protected":false},"featured_media":4332,"template":"","meta":[],"product_cat":[74,54],"product_tag":[],"class_list":{"0":"post-4331","1":"product","2":"type-product","3":"status-publish","4":"has-post-thumbnail","6":"product_cat-hestia-tienda-online","7":"product_cat-iluminacion","8":"product_shipping_class-clase-de-envio-hestia","10":"first","11":"instock","12":"taxable","13":"shipping-taxable","14":"purchasable","15":"product-type-simple"},"_links":{"self":[{"href":"https:\/\/hestiastyle.com\/hestia\/wp-json\/wp\/v2\/product\/4331"}],"collection":[{"href":"https:\/\/hestiastyle.com\/hestia\/wp-json\/wp\/v2\/product"}],"about":[{"href":"https:\/\/hestiastyle.com\/hestia\/wp-json\/wp\/v2\/types\/product"}],"wp:featuredmedia":[{"embeddable":true,"href":"https:\/\/hestiastyle.com\/hestia\/wp-json\/wp\/v2\/media\/4332"}],"wp:attachment":[{"href":"https:\/\/hestiastyle.com\/hestia\/wp-json\/wp\/v2\/media?parent=4331"}],"wp:term":[{"taxonomy":"product_cat","embeddable":true,"href":"https:\/\/hestiastyle.com\/hestia\/wp-json\/wp\/v2\/product_cat?post=4331"},{"taxonomy":"product_tag","embeddable":true,"href":"https:\/\/hestiastyle.com\/hestia\/wp-json\/wp\/v2\/product_tag?post=4331"}],"curies":[{"name":"wp","href":"https:\/\/api.w.org\/{rel}","templated":true}]}}