{"id":4318,"date":"2023-01-12T13:28:21","date_gmt":"2023-01-12T12:28:21","guid":{"rendered":"https:\/\/hestiastyle.com\/hestia\/?post_type=product&#038;p=4318"},"modified":"2023-01-29T01:24:58","modified_gmt":"2023-01-29T00:24:58","slug":"wall-lamp-valentine","status":"publish","type":"product","link":"https:\/\/hestiastyle.com\/hestia\/producto\/wall-lamp-valentine\/","title":{"rendered":"Wall lamp Valentine"},"content":{"rendered":"<p>Wall lamp Valentine<br \/>\nDimensiones:12,5 x H. 38 x D. 11,5 cm<\/p>\n","protected":false},"excerpt":{"rendered":"<p>Inspirada en los apliques antiguos, la hermosa l\u00e1mpara de pared Valentine con acabado en n\u00edquel aporta un suave y c\u00e1lido resplandor a su hogar. Con una placa posterior rectangular con un brazo de l\u00edneas limpias y un pedestal redondeado con una pantalla cil\u00edndrica de vidrio esmerilado, es una gran adici\u00f3n a cualquier est\u00e9tica.<br \/>\nDimensiones:12,5 x H. 38 x D. 11,5 cm<\/p>\n","protected":false},"featured_media":4319,"template":"","meta":[],"product_cat":[74,54],"product_tag":[],"class_list":{"0":"post-4318","1":"product","2":"type-product","3":"status-publish","4":"has-post-thumbnail","6":"product_cat-hestia-tienda-online","7":"product_cat-iluminacion","8":"product_shipping_class-clase-de-envio-hestia","10":"first","11":"instock","12":"taxable","13":"shipping-taxable","14":"purchasable","15":"product-type-simple"},"_links":{"self":[{"href":"https:\/\/hestiastyle.com\/hestia\/wp-json\/wp\/v2\/product\/4318"}],"collection":[{"href":"https:\/\/hestiastyle.com\/hestia\/wp-json\/wp\/v2\/product"}],"about":[{"href":"https:\/\/hestiastyle.com\/hestia\/wp-json\/wp\/v2\/types\/product"}],"wp:featuredmedia":[{"embeddable":true,"href":"https:\/\/hestiastyle.com\/hestia\/wp-json\/wp\/v2\/media\/4319"}],"wp:attachment":[{"href":"https:\/\/hestiastyle.com\/hestia\/wp-json\/wp\/v2\/media?parent=4318"}],"wp:term":[{"taxonomy":"product_cat","embeddable":true,"href":"https:\/\/hestiastyle.com\/hestia\/wp-json\/wp\/v2\/product_cat?post=4318"},{"taxonomy":"product_tag","embeddable":true,"href":"https:\/\/hestiastyle.com\/hestia\/wp-json\/wp\/v2\/product_tag?post=4318"}],"curies":[{"name":"wp","href":"https:\/\/api.w.org\/{rel}","templated":true}]}}