{"id":4308,"date":"2023-01-12T12:38:55","date_gmt":"2023-01-12T11:38:55","guid":{"rendered":"https:\/\/hestiastyle.com\/hestia\/?post_type=product&#038;p=4308"},"modified":"2023-01-29T01:24:58","modified_gmt":"2023-01-29T00:24:58","slug":"mirror-domenico-cuadrado","status":"publish","type":"product","link":"https:\/\/hestiastyle.com\/hestia\/producto\/mirror-domenico-cuadrado\/","title":{"rendered":"Mirror Domenico cuadrado"},"content":{"rendered":"<p>Mirror Domenico cuadrado<br \/>\nDimensiones:100 x 100 x D. 5 cm<\/p>\n","protected":false},"excerpt":{"rendered":"<p>Cree un punto focal de estilo atemporal con el espejo Domenico. Una interpretaci\u00f3n contempor\u00e1nea de los espejos biselados cl\u00e1sicos, este discreto espejo de pared es de forma cuadrada con un marco biselado minimalista. Al reflejar la luz natural en su entorno interior, crear\u00e1 una mayor sensaci\u00f3n de proporci\u00f3n.<br \/>\nDimensiones:100 x 100 x D. 5 cm<\/p>\n","protected":false},"featured_media":4309,"template":"","meta":[],"product_cat":[74,52],"product_tag":[],"class_list":{"0":"post-4308","1":"product","2":"type-product","3":"status-publish","4":"has-post-thumbnail","6":"product_cat-hestia-tienda-online","7":"product_cat-muebles","8":"product_shipping_class-clase-de-envio-hestia","10":"first","11":"instock","12":"taxable","13":"shipping-taxable","14":"purchasable","15":"product-type-simple"},"_links":{"self":[{"href":"https:\/\/hestiastyle.com\/hestia\/wp-json\/wp\/v2\/product\/4308"}],"collection":[{"href":"https:\/\/hestiastyle.com\/hestia\/wp-json\/wp\/v2\/product"}],"about":[{"href":"https:\/\/hestiastyle.com\/hestia\/wp-json\/wp\/v2\/types\/product"}],"wp:featuredmedia":[{"embeddable":true,"href":"https:\/\/hestiastyle.com\/hestia\/wp-json\/wp\/v2\/media\/4309"}],"wp:attachment":[{"href":"https:\/\/hestiastyle.com\/hestia\/wp-json\/wp\/v2\/media?parent=4308"}],"wp:term":[{"taxonomy":"product_cat","embeddable":true,"href":"https:\/\/hestiastyle.com\/hestia\/wp-json\/wp\/v2\/product_cat?post=4308"},{"taxonomy":"product_tag","embeddable":true,"href":"https:\/\/hestiastyle.com\/hestia\/wp-json\/wp\/v2\/product_tag?post=4308"}],"curies":[{"name":"wp","href":"https:\/\/api.w.org\/{rel}","templated":true}]}}