{"id":4137,"date":"2022-11-24T16:11:14","date_gmt":"2022-11-24T15:11:14","guid":{"rendered":"https:\/\/hestiastyle.com\/hestia\/?post_type=product&#038;p=4137"},"modified":"2023-02-13T14:51:54","modified_gmt":"2023-02-13T13:51:54","slug":"baobab-collection-arabian-nights","status":"publish","type":"product","link":"https:\/\/hestiastyle.com\/hestia\/producto\/baobab-collection-arabian-nights\/","title":{"rendered":"Baobab Collection &#8211; Arabian nights"},"content":{"rendered":"<p>Arabian nights<\/p>\n<p>Azafr\u00e1n<span class=\"fragrance_divider\">&#8211;<\/span>Oud<span class=\"fragrance_divider\">&#8211;<\/span>Incienso<\/p>\n","protected":false},"excerpt":{"rendered":"<div class=\"template-page content av-content-full alpha units\">\n<div class=\"post-entry post-entry-type-page post-entry-3532\">\n<div class=\"entry-content-wrapper clearfix\">\n<div class=\"flex_column av-dmkebw-f4b2298ddd0edbc4c3fbf8a3e5649c11 av_two_third avia-builder-el-1 el_after_av_slideshow_full el_before_av_one_third avia-builder-el-first first flex_column_div \">\n<section class=\"av_textblock_section av-ctt5t8-9df68a39f85e62783263f8dcfd2d068c\">\n<div class=\"avia_textblock\">\n<h1 class=\"main-title entry-title\">Arabian nights<\/h1>\n<p>Azafr\u00e1n<span class=\"fragrance_divider\">&#8211;<\/span>Oud<span class=\"fragrance_divider\">&#8211;<\/span>Incienso<\/p>\n<p>La vela perfumada Arabian Nights nos hace viajar hasta la misteriosa atm\u00f3sfera de Oriente Medio. La decoraci\u00f3n del vidrio serigrafiado con oro de 9 quilates se inspira en las famosas mashrabiyas, un elemento arquitect\u00f3nico caracter\u00edstico de las residencias tradicionales \u00e1rabes que destaca por sus motivos calados. As\u00ed, a trav\u00e9s del vidrio, la llama crea un baile de sombras a su alrededor.<\/p>\n<\/div>\n<\/section>\n<\/div>\n<\/div>\n<\/div>\n<\/div>\n","protected":false},"featured_media":4146,"template":"","meta":[],"product_cat":[74,51],"product_tag":[],"class_list":{"0":"post-4137","1":"product","2":"type-product","3":"status-publish","4":"has-post-thumbnail","6":"product_cat-hestia-tienda-online","7":"product_cat-baobab-collection","8":"product_shipping_class-clase-de-envio-hestia","10":"first","11":"instock","12":"taxable","13":"shipping-taxable","14":"purchasable","15":"product-type-variable"},"_links":{"self":[{"href":"https:\/\/hestiastyle.com\/hestia\/wp-json\/wp\/v2\/product\/4137"}],"collection":[{"href":"https:\/\/hestiastyle.com\/hestia\/wp-json\/wp\/v2\/product"}],"about":[{"href":"https:\/\/hestiastyle.com\/hestia\/wp-json\/wp\/v2\/types\/product"}],"wp:featuredmedia":[{"embeddable":true,"href":"https:\/\/hestiastyle.com\/hestia\/wp-json\/wp\/v2\/media\/4146"}],"wp:attachment":[{"href":"https:\/\/hestiastyle.com\/hestia\/wp-json\/wp\/v2\/media?parent=4137"}],"wp:term":[{"taxonomy":"product_cat","embeddable":true,"href":"https:\/\/hestiastyle.com\/hestia\/wp-json\/wp\/v2\/product_cat?post=4137"},{"taxonomy":"product_tag","embeddable":true,"href":"https:\/\/hestiastyle.com\/hestia\/wp-json\/wp\/v2\/product_tag?post=4137"}],"curies":[{"name":"wp","href":"https:\/\/api.w.org\/{rel}","templated":true}]}}