{"id":3984,"date":"2022-11-22T17:14:28","date_gmt":"2022-11-22T16:14:28","guid":{"rendered":"https:\/\/hestiastyle.com\/hestia\/?post_type=product&#038;p=3984"},"modified":"2023-02-13T15:23:55","modified_gmt":"2023-02-13T14:23:55","slug":"baobab-collection-sapphire-pearls","status":"publish","type":"product","link":"https:\/\/hestiastyle.com\/hestia\/producto\/baobab-collection-sapphire-pearls\/","title":{"rendered":"Baobab Collection &#8211; Sapphire Pearls"},"content":{"rendered":"<p>Sapphire Pearls<\/p>\n<p>Algas marinas &#8211; Mirto<\/p>\n","protected":false},"excerpt":{"rendered":"<div class=\"template-page content av-content-full alpha units\">\n<div class=\"post-entry post-entry-type-page post-entry-3532\">\n<div class=\"entry-content-wrapper clearfix\">\n<div class=\"flex_column av-dmkebw-f4b2298ddd0edbc4c3fbf8a3e5649c11 av_two_third avia-builder-el-1 el_after_av_slideshow_full el_before_av_one_third avia-builder-el-first first flex_column_div \">\n<section class=\"av_textblock_section av-ctt5t8-9df68a39f85e62783263f8dcfd2d068c\">\n<div class=\"avia_textblock\">\n<h1 class=\"main-title entry-title\">Sapphire Pearls<\/h1>\n<p>Algas marinas &#8211; Mirto<\/p>\n<p>La vela perfumada Sapphire Pearls con cristal soplado e incrustaciones en tonos azul ensalza la belleza del zafiro, del que tambi\u00e9n toma prestado el nombre. Esta piedra simboliza la protecci\u00f3n de una presencia divina. Adem\u00e1s, la fragancia marina de esta vela le trasladar\u00e1 a un para\u00edso vacacional.<\/p>\n<\/div>\n<\/section>\n<\/div>\n<\/div>\n<\/div>\n<\/div>\n","protected":false},"featured_media":3989,"template":"","meta":[],"product_cat":[74,51],"product_tag":[],"class_list":{"0":"post-3984","1":"product","2":"type-product","3":"status-publish","4":"has-post-thumbnail","6":"product_cat-hestia-tienda-online","7":"product_cat-baobab-collection","8":"product_shipping_class-clase-de-envio-hestia","10":"first","11":"instock","12":"taxable","13":"shipping-taxable","14":"purchasable","15":"product-type-variable"},"_links":{"self":[{"href":"https:\/\/hestiastyle.com\/hestia\/wp-json\/wp\/v2\/product\/3984"}],"collection":[{"href":"https:\/\/hestiastyle.com\/hestia\/wp-json\/wp\/v2\/product"}],"about":[{"href":"https:\/\/hestiastyle.com\/hestia\/wp-json\/wp\/v2\/types\/product"}],"wp:featuredmedia":[{"embeddable":true,"href":"https:\/\/hestiastyle.com\/hestia\/wp-json\/wp\/v2\/media\/3989"}],"wp:attachment":[{"href":"https:\/\/hestiastyle.com\/hestia\/wp-json\/wp\/v2\/media?parent=3984"}],"wp:term":[{"taxonomy":"product_cat","embeddable":true,"href":"https:\/\/hestiastyle.com\/hestia\/wp-json\/wp\/v2\/product_cat?post=3984"},{"taxonomy":"product_tag","embeddable":true,"href":"https:\/\/hestiastyle.com\/hestia\/wp-json\/wp\/v2\/product_tag?post=3984"}],"curies":[{"name":"wp","href":"https:\/\/api.w.org\/{rel}","templated":true}]}}