{"id":3973,"date":"2022-11-22T17:00:47","date_gmt":"2022-11-22T16:00:47","guid":{"rendered":"https:\/\/hestiastyle.com\/hestia\/?post_type=product&#038;p=3973"},"modified":"2023-02-10T19:00:16","modified_gmt":"2023-02-10T18:00:16","slug":"baobab-collection-rainforest-amazonia","status":"publish","type":"product","link":"https:\/\/hestiastyle.com\/hestia\/producto\/baobab-collection-rainforest-amazonia\/","title":{"rendered":"Baobab Collection &#8211; Rainforest Amazonia"},"content":{"rendered":"<p>Rainforest Amazonia<\/p>\n<p>Bergamota<span class=\"fragrance_divider\">&#8211;<\/span>T\u00e9 verde<span class=\"fragrance_divider\">&#8211;<\/span>Cedro atl\u00e1ntico<\/p>\n","protected":false},"excerpt":{"rendered":"<div class=\"template-page content av-content-full alpha units\">\n<div class=\"post-entry post-entry-type-page post-entry-3532\">\n<div class=\"entry-content-wrapper clearfix\">\n<div class=\"flex_column av-dmkebw-f4b2298ddd0edbc4c3fbf8a3e5649c11 av_two_third avia-builder-el-1 el_after_av_slideshow_full el_before_av_one_third avia-builder-el-first first flex_column_div \">\n<section class=\"av_textblock_section av-ctt5t8-9df68a39f85e62783263f8dcfd2d068c\">\n<div class=\"avia_textblock\">\n<h1 class=\"main-title entry-title\">Rainforest Amazonia<\/h1>\n<p>Bergamota<span class=\"fragrance_divider\">&#8211;<\/span>T\u00e9 verde<span class=\"fragrance_divider\">&#8211;<\/span>Cedro atl\u00e1ntico<\/p>\n<p>La vela perfumada Amazonia ostenta un vaso de cristal soplado de modo artesanal cuya tonalidad opalina se ve complementada por un confeti de vidrios turquesas, azul y marrones a\u00f1adidos a la base durante su elaboraci\u00f3n. Cada vaso goza de un aspecto \u00fanico gracias al modo aleatorio en el que el color penetra el cristal y evoca los colores vivos del bosque al que encarna.<\/p>\n<\/div>\n<\/section>\n<\/div>\n<\/div>\n<\/div>\n<\/div>\n","protected":false},"featured_media":3978,"template":"","meta":[],"product_cat":[74,51],"product_tag":[],"class_list":{"0":"post-3973","1":"product","2":"type-product","3":"status-publish","4":"has-post-thumbnail","6":"product_cat-hestia-tienda-online","7":"product_cat-baobab-collection","8":"product_shipping_class-clase-de-envio-hestia","10":"first","11":"instock","12":"taxable","13":"shipping-taxable","14":"purchasable","15":"product-type-variable"},"_links":{"self":[{"href":"https:\/\/hestiastyle.com\/hestia\/wp-json\/wp\/v2\/product\/3973"}],"collection":[{"href":"https:\/\/hestiastyle.com\/hestia\/wp-json\/wp\/v2\/product"}],"about":[{"href":"https:\/\/hestiastyle.com\/hestia\/wp-json\/wp\/v2\/types\/product"}],"wp:featuredmedia":[{"embeddable":true,"href":"https:\/\/hestiastyle.com\/hestia\/wp-json\/wp\/v2\/media\/3978"}],"wp:attachment":[{"href":"https:\/\/hestiastyle.com\/hestia\/wp-json\/wp\/v2\/media?parent=3973"}],"wp:term":[{"taxonomy":"product_cat","embeddable":true,"href":"https:\/\/hestiastyle.com\/hestia\/wp-json\/wp\/v2\/product_cat?post=3973"},{"taxonomy":"product_tag","embeddable":true,"href":"https:\/\/hestiastyle.com\/hestia\/wp-json\/wp\/v2\/product_tag?post=3973"}],"curies":[{"name":"wp","href":"https:\/\/api.w.org\/{rel}","templated":true}]}}